{"id":213,"date":"2024-11-25T22:40:42","date_gmt":"2024-11-25T22:40:42","guid":{"rendered":"https:\/\/icelandradstefnur.is\/?page_id=213"},"modified":"2026-04-29T17:07:18","modified_gmt":"2026-04-29T17:07:18","slug":"um-okkur","status":"publish","type":"page","link":"https:\/\/icelandradstefnur.is\/en\/um-okkur\/","title":{"rendered":"About us"},"content":{"rendered":"<p>[et_pb_section fb_built=&#8220;1&#8243; disabled_on=&#8220;off|off|off&#8220; admin_label=&#8220;Team Member Section&#8220; _builder_version=&#8220;4.27.4&#8243; custom_padding=&#8220;110px||60px|&#8220; global_colors_info=&#8220;{}&#8220;][et_pb_row admin_label=&#8220;Service Section Title&#8220; _builder_version=&#8220;4.16&#8243; background_size=&#8220;initial&#8220; background_position=&#8220;top_left&#8220; background_repeat=&#8220;repeat&#8220; custom_margin=&#8220;||40px|&#8220; animation_style=&#8220;fade&#8220; animation_direction=&#8220;top&#8220; saved_tabs=&#8220;all&#8220; global_colors_info=&#8220;{}&#8220;][et_pb_column type=&#8220;4_4&#8243; _builder_version=&#8220;4.16&#8243; custom_padding=&#8220;|||&#8220; global_colors_info=&#8220;{}&#8220; custom_padding__hover=&#8220;|||&#8220;][et_pb_text admin_label=&#8220;Title&#8220; _builder_version=&#8220;4.27.4&#8243; text_font=&#8220;Montserrat||||||||&#8220; text_text_color=&#8220;#747d88&#8243; text_font_size=&#8220;16px&#8220; text_line_height=&#8220;1.9em&#8220; header_font=&#8220;||||||||&#8220; header_2_font=&#8220;Montserrat|700||on|||||&#8220; header_2_text_color=&#8220;#353740&#8243; header_2_font_size=&#8220;42px&#8220; header_2_line_height=&#8220;1.3em&#8220; background_size=&#8220;initial&#8220; background_position=&#8220;top_left&#8220; background_repeat=&#8220;repeat&#8220; text_orientation=&#8220;center&#8220; max_width=&#8220;700px&#8220; module_alignment=&#8220;center&#8220; animation_style=&#8220;slide&#8220; animation_direction=&#8220;bottom&#8220; animation_intensity_slide=&#8220;4%&#8220; global_colors_info=&#8220;{}&#8220;]<\/p>\n<h2>um okkur<\/h2>\n<p>[\/et_pb_text][et_pb_text admin_label=&#8220;Subtitle&#8220; _builder_version=&#8220;4.27.4&#8243; text_font=&#8220;Montserrat||||&#8220; text_text_color=&#8220;#747d88&#8243; text_font_size=&#8220;16px&#8220; text_line_height=&#8220;1.8em&#8220; header_font=&#8220;||||||||&#8220; background_size=&#8220;initial&#8220; background_position=&#8220;top_left&#8220; background_repeat=&#8220;repeat&#8220; text_orientation=&#8220;center&#8220; max_width=&#8220;700px&#8220; module_alignment=&#8220;center&#8220; custom_margin=&#8220;|||&#8220; animation_style=&#8220;slide&#8220; animation_direction=&#8220;bottom&#8220; animation_delay=&#8220;100ms&#8220; animation_intensity_slide=&#8220;4%&#8220; global_colors_info=&#8220;{}&#8220;]<\/p>\n<p><span>Starfsf\u00f3lk\u00a0 Iceland r\u00e1\u00f0stefnur og vi\u00f0bur\u00f0ir hefur\u00a0 \u00e1ratuga reynslu af skipulagningu r\u00e1\u00f0stefna, funda og vi\u00f0bur\u00f0a \u00e1 \u00cdslandi. Vi\u00f0 h\u00f6fum s\u00e9rh\u00e6ft okkur \u00ed verkefnum af \u00feessum toga og bj\u00f3\u00f0um alhli\u00f0a \u00fej\u00f3nustu \u00feeim tengdum.\u00a0 \u00a0<\/span><\/p>\n<p>[\/et_pb_text][\/et_pb_column][\/et_pb_row][et_pb_row column_structure=&#8220;1_2,1_2&#8243; _builder_version=&#8220;4.27.4&#8243; background_size=&#8220;initial&#8220; background_position=&#8220;top_left&#8220; background_repeat=&#8220;repeat&#8220; custom_padding=&#8220;||15px|&#8220; global_colors_info=&#8220;{}&#8220;][et_pb_column type=&#8220;1_2&#8243; _builder_version=&#8220;4.27.4&#8243; custom_padding=&#8220;|||105px|false|false&#8220; global_colors_info=&#8220;{}&#8220; custom_padding__hover=&#8220;|||&#8220;][et_pb_team_member name=&#8220;Sesselja D. Gunnarsd\u00f3ttir&#8220; position=&#8220;Verkefnastj\u00f3ri \/ eigandi&#8220; image_url=&#8220;https:\/\/icelandradstefnur.is\/wp-content\/uploads\/2026\/04\/Sesselja.jpg&#8220; _builder_version=&#8220;4.27.4&#8243; header_font=&#8220;Montserrat|on|||&#8220; header_text_color=&#8220;#353740&#8243; header_font_size=&#8220;22px&#8220; header_line_height=&#8220;1.4em&#8220; body_font=&#8220;Montserrat||||&#8220; body_text_color=&#8220;#747d88&#8243; body_font_size=&#8220;16px&#8220; background_size=&#8220;initial&#8220; background_position=&#8220;top_left&#8220; background_repeat=&#8220;repeat&#8220; text_orientation=&#8220;left&#8220; width=&#8220;80.3%&#8220; custom_margin=&#8220;|||&#8220; custom_padding=&#8220;|||&#8220; animation_style=&#8220;fade&#8220; border_radii_image=&#8220;on|50px|50px|50px|50px&#8220; box_shadow_style_image=&#8220;preset1&#8243; global_colors_info=&#8220;{}&#8220;]<\/p>\n<p><a href=\"mailto:sesselja@icelandradstefnur.is\" target=\"_blank\" rel=\"noopener\"><span style=\"color: #999999;\">sesselja@icelandradstefnur.is<\/span><\/a><\/p>\n<p>[\/et_pb_team_member][et_pb_team_member name=&#8220;Dagmar Haraldsd\u00f3ttir&#8220; position=&#8220;Verkefnastj\u00f3ri \/ almannatengsl (PR)&#8220; image_url=&#8220;https:\/\/icelandradstefnur.is\/wp-content\/uploads\/2026\/04\/Dagmar.jpg&#8220; _builder_version=&#8220;4.27.4&#8243; header_font=&#8220;Montserrat|on|||&#8220; header_text_color=&#8220;#353740&#8243; header_font_size=&#8220;22px&#8220; header_line_height=&#8220;1.4em&#8220; body_font=&#8220;Montserrat||||&#8220; body_text_color=&#8220;#747d88&#8243; body_font_size=&#8220;16px&#8220; background_size=&#8220;initial&#8220; background_position=&#8220;top_left&#8220; background_repeat=&#8220;repeat&#8220; text_orientation=&#8220;left&#8220; width=&#8220;80.3%&#8220; min_height=&#8220;473.5px&#8220; custom_margin=&#8220;36px|||230px|false|false&#8220; custom_padding=&#8220;35px|||||&#8220; animation_style=&#8220;fade&#8220; border_radii_image=&#8220;on|50px|50px|50px|50px&#8220; box_shadow_style_image=&#8220;preset1&#8243; global_colors_info=&#8220;{}&#8220;]<\/p>\n<p><a href=\"mailto:dagmar@icelandradstefnur.is\" target=\"_blank\" rel=\"noopener\"><span style=\"color: #999999;\">dagmar@icelandradstefnur.is<\/span><\/a><\/p>\n<p>[\/et_pb_team_member][\/et_pb_column][et_pb_column type=&#8220;1_2&#8243; _builder_version=&#8220;4.16&#8243; custom_padding=&#8220;|||&#8220; global_colors_info=&#8220;{}&#8220; custom_padding__hover=&#8220;|||&#8220;][et_pb_team_member name=&#8220;Dav\u00ed\u00f0 Valdimarsson&#8220; position=&#8220;Verkefnastj\u00f3ri \/ Graf\u00edsk h\u00f6nnun \/ eigandi&#8220; image_url=&#8220;https:\/\/icelandradstefnur.is\/wp-content\/uploads\/2026\/04\/David.jpg&#8220; _builder_version=&#8220;4.27.4&#8243; header_font=&#8220;Montserrat|on|||&#8220; header_text_color=&#8220;#353740&#8243; header_font_size=&#8220;22px&#8220; header_line_height=&#8220;1.4em&#8220; body_font=&#8220;Montserrat||||&#8220; body_text_color=&#8220;#747d88&#8243; body_font_size=&#8220;16px&#8220; background_size=&#8220;initial&#8220; background_position=&#8220;top_left&#8220; background_repeat=&#8220;repeat&#8220; text_orientation=&#8220;left&#8220; custom_margin=&#8220;|158px||||&#8220; custom_padding=&#8220;|||&#8220; animation_style=&#8220;fade&#8220; animation_delay=&#8220;100ms&#8220; border_radii_image=&#8220;on|50px|50px|50px|50px&#8220; box_shadow_style_image=&#8220;preset1&#8243; locked=&#8220;off&#8220; global_colors_info=&#8220;{}&#8220;]<\/p>\n<p><a href=\"mailto:david@icelandradstefnur.is\" target=\"_blank\" rel=\"noopener\"><span style=\"color: #999999;\">david@icelandradstefnur.is<\/span><\/a><\/p>\n<p>[\/et_pb_team_member][\/et_pb_column][\/et_pb_row][\/et_pb_section]<\/p>\n","protected":false},"excerpt":{"rendered":"<p>um okkurStarfsf\u00f3lk\u00a0 Iceland r\u00e1\u00f0stefnur og vi\u00f0bur\u00f0ir hefur\u00a0 \u00e1ratuga reynslu af skipulagningu r\u00e1\u00f0stefna, funda og vi\u00f0bur\u00f0a \u00e1 \u00cdslandi. Vi\u00f0 h\u00f6fum s\u00e9rh\u00e6ft okkur \u00ed verkefnum af \u00feessum toga og bj\u00f3\u00f0um alhli\u00f0a \u00fej\u00f3nustu \u00feeim tengdum.\u00a0 \u00a0sesselja@icelandradstefnur.isdagmar@icelandradstefnur.isdavid@icelandradstefnur.is<\/p>","protected":false},"author":1,"featured_media":0,"parent":0,"menu_order":0,"comment_status":"closed","ping_status":"closed","template":"","meta":{"_et_pb_use_builder":"on","_et_pb_old_content":"","_et_gb_content_width":"","footnotes":""},"class_list":["post-213","page","type-page","status-publish","hentry"],"yoast_head":"<!-- This site is optimized with the Yoast SEO plugin v27.6 - https:\/\/yoast.com\/product\/yoast-seo-wordpress\/ -->\n<title>Um okkur - Iceland r\u00e1\u00f0stefnur<\/title>\n<meta name=\"robots\" content=\"index, follow, max-snippet:-1, max-image-preview:large, max-video-preview:-1\" \/>\n<link rel=\"canonical\" href=\"https:\/\/icelandradstefnur.is\/en\/um-okkur\/\" \/>\n<meta property=\"og:locale\" content=\"en_GB\" \/>\n<meta property=\"og:type\" content=\"article\" \/>\n<meta property=\"og:title\" content=\"Um okkur - Iceland r\u00e1\u00f0stefnur\" \/>\n<meta property=\"og:description\" content=\"um okkurStarfsf\u00f3lk\u00a0 Iceland r\u00e1\u00f0stefnur og vi\u00f0bur\u00f0ir hefur\u00a0 \u00e1ratuga reynslu af skipulagningu r\u00e1\u00f0stefna, funda og vi\u00f0bur\u00f0a \u00e1 \u00cdslandi. Vi\u00f0 h\u00f6fum s\u00e9rh\u00e6ft okkur \u00ed verkefnum af \u00feessum toga og bj\u00f3\u00f0um alhli\u00f0a \u00fej\u00f3nustu \u00feeim tengdum.\u00a0 \u00a0sesselja@icelandradstefnur.isdagmar@icelandradstefnur.isdavid@icelandradstefnur.is\" \/>\n<meta property=\"og:url\" content=\"https:\/\/icelandradstefnur.is\/en\/um-okkur\/\" \/>\n<meta property=\"og:site_name\" content=\"Iceland r\u00e1\u00f0stefnur\" \/>\n<meta property=\"article:modified_time\" content=\"2026-04-29T17:07:18+00:00\" \/>\n<meta name=\"twitter:card\" content=\"summary_large_image\" \/>\n<meta name=\"twitter:label1\" content=\"Estimated reading time\" \/>\n\t<meta name=\"twitter:data1\" content=\"3 minutes\" \/>\n<script type=\"application\/ld+json\" class=\"yoast-schema-graph\">{\"@context\":\"https:\\\/\\\/schema.org\",\"@graph\":[{\"@type\":\"WebPage\",\"@id\":\"https:\\\/\\\/icelandradstefnur.is\\\/um-okkur\\\/\",\"url\":\"https:\\\/\\\/icelandradstefnur.is\\\/um-okkur\\\/\",\"name\":\"Um okkur - Iceland r\u00e1\u00f0stefnur\",\"isPartOf\":{\"@id\":\"https:\\\/\\\/icelandradstefnur.is\\\/#website\"},\"datePublished\":\"2024-11-25T22:40:42+00:00\",\"dateModified\":\"2026-04-29T17:07:18+00:00\",\"breadcrumb\":{\"@id\":\"https:\\\/\\\/icelandradstefnur.is\\\/um-okkur\\\/#breadcrumb\"},\"inLanguage\":\"en-GB\",\"potentialAction\":[{\"@type\":\"ReadAction\",\"target\":[\"https:\\\/\\\/icelandradstefnur.is\\\/um-okkur\\\/\"]}]},{\"@type\":\"BreadcrumbList\",\"@id\":\"https:\\\/\\\/icelandradstefnur.is\\\/um-okkur\\\/#breadcrumb\",\"itemListElement\":[{\"@type\":\"ListItem\",\"position\":1,\"name\":\"Home\",\"item\":\"https:\\\/\\\/icelandradstefnur.is\\\/\"},{\"@type\":\"ListItem\",\"position\":2,\"name\":\"Um okkur\"}]},{\"@type\":\"WebSite\",\"@id\":\"https:\\\/\\\/icelandradstefnur.is\\\/#website\",\"url\":\"https:\\\/\\\/icelandradstefnur.is\\\/\",\"name\":\"Iceland r\u00e1\u00f0stefnur\",\"description\":\"Iceland radstefnur\",\"potentialAction\":[{\"@type\":\"SearchAction\",\"target\":{\"@type\":\"EntryPoint\",\"urlTemplate\":\"https:\\\/\\\/icelandradstefnur.is\\\/?s={search_term_string}\"},\"query-input\":{\"@type\":\"PropertyValueSpecification\",\"valueRequired\":true,\"valueName\":\"search_term_string\"}}],\"inLanguage\":\"en-GB\"}]}<\/script>\n<!-- \/ Yoast SEO plugin. -->","yoast_head_json":{"title":"Um okkur - Iceland r\u00e1\u00f0stefnur","robots":{"index":"index","follow":"follow","max-snippet":"max-snippet:-1","max-image-preview":"max-image-preview:large","max-video-preview":"max-video-preview:-1"},"canonical":"https:\/\/icelandradstefnur.is\/en\/um-okkur\/","og_locale":"en_GB","og_type":"article","og_title":"Um okkur - Iceland r\u00e1\u00f0stefnur","og_description":"um okkurStarfsf\u00f3lk\u00a0 Iceland r\u00e1\u00f0stefnur og vi\u00f0bur\u00f0ir hefur\u00a0 \u00e1ratuga reynslu af skipulagningu r\u00e1\u00f0stefna, funda og vi\u00f0bur\u00f0a \u00e1 \u00cdslandi. Vi\u00f0 h\u00f6fum s\u00e9rh\u00e6ft okkur \u00ed verkefnum af \u00feessum toga og bj\u00f3\u00f0um alhli\u00f0a \u00fej\u00f3nustu \u00feeim tengdum.\u00a0 \u00a0sesselja@icelandradstefnur.isdagmar@icelandradstefnur.isdavid@icelandradstefnur.is","og_url":"https:\/\/icelandradstefnur.is\/en\/um-okkur\/","og_site_name":"Iceland r\u00e1\u00f0stefnur","article_modified_time":"2026-04-29T17:07:18+00:00","twitter_card":"summary_large_image","twitter_misc":{"Estimated reading time":"3 minutes"},"schema":{"@context":"https:\/\/schema.org","@graph":[{"@type":"WebPage","@id":"https:\/\/icelandradstefnur.is\/um-okkur\/","url":"https:\/\/icelandradstefnur.is\/um-okkur\/","name":"Um okkur - Iceland r\u00e1\u00f0stefnur","isPartOf":{"@id":"https:\/\/icelandradstefnur.is\/#website"},"datePublished":"2024-11-25T22:40:42+00:00","dateModified":"2026-04-29T17:07:18+00:00","breadcrumb":{"@id":"https:\/\/icelandradstefnur.is\/um-okkur\/#breadcrumb"},"inLanguage":"en-GB","potentialAction":[{"@type":"ReadAction","target":["https:\/\/icelandradstefnur.is\/um-okkur\/"]}]},{"@type":"BreadcrumbList","@id":"https:\/\/icelandradstefnur.is\/um-okkur\/#breadcrumb","itemListElement":[{"@type":"ListItem","position":1,"name":"Home","item":"https:\/\/icelandradstefnur.is\/"},{"@type":"ListItem","position":2,"name":"Um okkur"}]},{"@type":"WebSite","@id":"https:\/\/icelandradstefnur.is\/#website","url":"https:\/\/icelandradstefnur.is\/","name":"Iceland r\u00e1\u00f0stefnur","description":"Iceland radstefnur","potentialAction":[{"@type":"SearchAction","target":{"@type":"EntryPoint","urlTemplate":"https:\/\/icelandradstefnur.is\/?s={search_term_string}"},"query-input":{"@type":"PropertyValueSpecification","valueRequired":true,"valueName":"search_term_string"}}],"inLanguage":"en-GB"}]}},"_links":{"self":[{"href":"https:\/\/icelandradstefnur.is\/en\/wp-json\/wp\/v2\/pages\/213","targetHints":{"allow":["GET"]}}],"collection":[{"href":"https:\/\/icelandradstefnur.is\/en\/wp-json\/wp\/v2\/pages"}],"about":[{"href":"https:\/\/icelandradstefnur.is\/en\/wp-json\/wp\/v2\/types\/page"}],"author":[{"embeddable":true,"href":"https:\/\/icelandradstefnur.is\/en\/wp-json\/wp\/v2\/users\/1"}],"replies":[{"embeddable":true,"href":"https:\/\/icelandradstefnur.is\/en\/wp-json\/wp\/v2\/comments?post=213"}],"version-history":[{"count":28,"href":"https:\/\/icelandradstefnur.is\/en\/wp-json\/wp\/v2\/pages\/213\/revisions"}],"predecessor-version":[{"id":660,"href":"https:\/\/icelandradstefnur.is\/en\/wp-json\/wp\/v2\/pages\/213\/revisions\/660"}],"wp:attachment":[{"href":"https:\/\/icelandradstefnur.is\/en\/wp-json\/wp\/v2\/media?parent=213"}],"curies":[{"name":"wp","href":"https:\/\/api.w.org\/{rel}","templated":true}]}}