{"id":217,"date":"2024-11-25T22:34:41","date_gmt":"2024-11-25T22:34:41","guid":{"rendered":"https:\/\/icelandradstefnur.is\/?page_id=217"},"modified":"2024-12-27T15:43:21","modified_gmt":"2024-12-27T15:43:21","slug":"hafdu-samband","status":"publish","type":"page","link":"https:\/\/icelandradstefnur.is\/en\/hafdu-samband\/","title":{"rendered":"Contact us"},"content":{"rendered":"<p>[et_pb_section fb_built=&#8220;1&#8243; admin_label=&#8220;Contact Form Section&#8220; _builder_version=&#8220;4.27.4&#8243; background_color=&#8220;#174d57&#8243; custom_padding=&#8220;110px||110px|&#8220; animation_style=&#8220;zoom&#8220; animation_direction=&#8220;bottom&#8220; animation_intensity_zoom=&#8220;10%&#8220; saved_tabs=&#8220;all&#8220; global_colors_info=&#8220;{}&#8220;][et_pb_row admin_label=&#8220;Service Section Title&#8220; _builder_version=&#8220;4.16&#8243; custom_margin=&#8220;||40px|&#8220; animation_style=&#8220;fade&#8220; animation_direction=&#8220;top&#8220; locked=&#8220;off&#8220; global_colors_info=&#8220;{}&#8220;][et_pb_column type=&#8220;4_4&#8243; _builder_version=&#8220;4.16&#8243; custom_padding=&#8220;|||&#8220; global_colors_info=&#8220;{}&#8220; custom_padding__hover=&#8220;|||&#8220;][et_pb_text admin_label=&#8220;Title&#8220; _builder_version=&#8220;4.27.4&#8243; text_font=&#8220;Montserrat||||||||&#8220; text_text_color=&#8220;#747d88&#8243; text_font_size=&#8220;16px&#8220; text_line_height=&#8220;1.9em&#8220; header_font=&#8220;||||||||&#8220; header_2_font=&#8220;Montserrat|700||on|||||&#8220; header_2_font_size=&#8220;42px&#8220; header_2_line_height=&#8220;1.3em&#8220; background_size=&#8220;initial&#8220; background_position=&#8220;top_left&#8220; background_repeat=&#8220;repeat&#8220; text_orientation=&#8220;center&#8220; max_width=&#8220;700px&#8220; module_alignment=&#8220;center&#8220; animation_style=&#8220;slide&#8220; animation_direction=&#8220;bottom&#8220; animation_intensity_slide=&#8220;4%&#8220; global_colors_info=&#8220;{}&#8220;]<\/p>\n<div class=\"et_pb_module et_pb_text et_pb_text_9 et_pb_text_align_center et_pb_bg_layout_light et_had_animation\">\n<div class=\"et_pb_text_inner\">\n<h2><span style=\"color: #ffffff;\">Haf\u00f0u samband!<\/span><\/h2>\n<\/div>\n<\/div>\n<p>[\/et_pb_text][et_pb_text admin_label=&#8220;Subtitle&#8220; _builder_version=&#8220;4.27.4&#8243; text_font=&#8220;Montserrat||||&#8220; text_text_color=&#8220;#353740&#8243; text_font_size=&#8220;16px&#8220; text_line_height=&#8220;1.8em&#8220; header_font=&#8220;||||||||&#8220; background_size=&#8220;initial&#8220; background_position=&#8220;top_left&#8220; background_repeat=&#8220;repeat&#8220; text_orientation=&#8220;center&#8220; max_width=&#8220;700px&#8220; module_alignment=&#8220;center&#8220; custom_margin=&#8220;|||&#8220; animation_style=&#8220;slide&#8220; animation_direction=&#8220;bottom&#8220; animation_delay=&#8220;100ms&#8220; animation_intensity_slide=&#8220;4%&#8220; global_colors_info=&#8220;{}&#8220;]<\/p>\n<p><span style=\"color: #ffffff;\">Endilega haf\u00f0u samband vi\u00f0 starfsf\u00f3lk okkar fyrir n\u00e1nari tilbo\u00f0sger\u00f0, hvort sem um er a\u00f0 r\u00e6\u00f0a fundi, r\u00e1\u00f0stefnur e\u00f0a a\u00f0ra vi\u00f0bur\u00f0i. <\/span><\/p>\n<p><span style=\"color: #ffffff;\">Vinsamlegast haf\u00f0u samband \u00ed forminu h\u00e9r a\u00f0 ne\u00f0an e\u00f0a \u00ed s\u00edma 546 0335.<\/span><\/p>\n<p><span style=\"color: #ffffff;\">Hl\u00f6kkum til a\u00f0 heyra \u00ed \u00fe\u00e9r.<\/span><\/p>\n<p>[\/et_pb_text][\/et_pb_column][\/et_pb_row][et_pb_row admin_label=&#8220;Contact Form&#8220; _builder_version=&#8220;4.27.4&#8243; animation_style=&#8220;fade&#8220; global_colors_info=&#8220;{}&#8220;][et_pb_column type=&#8220;4_4&#8243; _builder_version=&#8220;4.27.4&#8243; custom_padding=&#8220;|||&#8220; global_colors_info=&#8220;{}&#8220; custom_padding__hover=&#8220;|||&#8220;][et_pb_contact_form captcha=&#8220;off&#8220; email=&#8220;info@icelandradstefnur.is&#8220; success_message=&#8220;Takk fyrir a\u00f0 hafa samband vi\u00f0 okkur. Vi\u00f0 munum hafa samband von br\u00e1\u00f0ar.&#8220; submit_button_text=&#8220;Send&#8220; module_id=&#8220;et_pb_contact_form_0&#8243; _builder_version=&#8220;4.27.4&#8243; form_field_background_color=&#8220;rgba(255,255,255,0)&#8220; form_field_text_color=&#8220;#174d57&#8243; form_field_focus_text_color=&#8220;#FFFFFF&#8220; form_field_font=&#8220;Montserrat||||&#8220; form_field_font_size=&#8220;16px&#8220; custom_button=&#8220;on&#8220; button_text_color=&#8220;#ffffff&#8220; button_border_width=&#8220;5px&#8220; button_border_color=&#8220;#ffffff&#8220; button_border_radius=&#8220;100px&#8220; button_letter_spacing=&#8220;2px&#8220; button_font=&#8220;Montserrat|on||on|&#8220; button_icon=&#8220;&#x45;||divi||400&#8243; button_icon_color=&#8220;#FFFFFF&#8220; max_width=&#8220;800px&#8220; module_alignment=&#8220;center&#8220; animation_style=&#8220;fade&#8220; hover_enabled=&#8220;0&#8243; box_shadow_style=&#8220;preset7&#8243; box_shadow_horizontal=&#8220;0px&#8220; box_shadow_vertical=&#8220;-1px&#8220; box_shadow_color=&#8220;rgba(0,0,0,0.18)&#8220; form_background_color=&#8220;rgba(255,255,255,0)&#8220; global_colors_info=&#8220;{}&#8220; sticky_enabled=&#8220;0&#8243;][et_pb_contact_field field_id=&#8220;Nafn&#8220; field_title=&#8220;Nafn&#8220; fullwidth_field=&#8220;on&#8220; _builder_version=&#8220;4.27.4&#8243; form_field_background_color=&#8220;#FFFFFF&#8220; form_field_focus_background_color=&#8220;#FFFFFF&#8220; form_field_focus_text_color=&#8220;#174d57&#8243; global_colors_info=&#8220;{}&#8220; button_text_size__hover_enabled=&#8220;off&#8220; button_one_text_size__hover_enabled=&#8220;off&#8220; button_two_text_size__hover_enabled=&#8220;off&#8220; button_text_color__hover_enabled=&#8220;off&#8220; button_one_text_color__hover_enabled=&#8220;off&#8220; button_two_text_color__hover_enabled=&#8220;off&#8220; button_border_width__hover_enabled=&#8220;off&#8220; button_one_border_width__hover_enabled=&#8220;off&#8220; button_two_border_width__hover_enabled=&#8220;off&#8220; button_border_color__hover_enabled=&#8220;off&#8220; button_one_border_color__hover_enabled=&#8220;off&#8220; button_two_border_color__hover_enabled=&#8220;off&#8220; button_border_radius__hover_enabled=&#8220;off&#8220; button_one_border_radius__hover_enabled=&#8220;off&#8220; button_two_border_radius__hover_enabled=&#8220;off&#8220; button_letter_spacing__hover_enabled=&#8220;off&#8220; button_one_letter_spacing__hover_enabled=&#8220;off&#8220; button_two_letter_spacing__hover_enabled=&#8220;off&#8220; button_bg_color__hover_enabled=&#8220;off&#8220; button_one_bg_color__hover_enabled=&#8220;off&#8220; button_two_bg_color__hover_enabled=&#8220;off&#8220;][\/et_pb_contact_field][et_pb_contact_field field_id=&#8220;Netfang&#8220; field_title=&#8220;Netfang&#8220; field_type=&#8220;email&#8220; fullwidth_field=&#8220;on&#8220; _builder_version=&#8220;4.27.4&#8243; form_field_background_color=&#8220;#FFFFFF&#8220; form_field_text_color=&#8220;#174d57&#8243; form_field_focus_background_color=&#8220;#FFFFFF&#8220; form_field_focus_text_color=&#8220;#174d57&#8243; global_colors_info=&#8220;{}&#8220; button_text_size__hover_enabled=&#8220;off&#8220; button_one_text_size__hover_enabled=&#8220;off&#8220; button_two_text_size__hover_enabled=&#8220;off&#8220; button_text_color__hover_enabled=&#8220;off&#8220; button_one_text_color__hover_enabled=&#8220;off&#8220; button_two_text_color__hover_enabled=&#8220;off&#8220; button_border_width__hover_enabled=&#8220;off&#8220; button_one_border_width__hover_enabled=&#8220;off&#8220; button_two_border_width__hover_enabled=&#8220;off&#8220; button_border_color__hover_enabled=&#8220;off&#8220; button_one_border_color__hover_enabled=&#8220;off&#8220; button_two_border_color__hover_enabled=&#8220;off&#8220; button_border_radius__hover_enabled=&#8220;off&#8220; button_one_border_radius__hover_enabled=&#8220;off&#8220; button_two_border_radius__hover_enabled=&#8220;off&#8220; button_letter_spacing__hover_enabled=&#8220;off&#8220; button_one_letter_spacing__hover_enabled=&#8220;off&#8220; button_two_letter_spacing__hover_enabled=&#8220;off&#8220; button_bg_color__hover_enabled=&#8220;off&#8220; button_one_bg_color__hover_enabled=&#8220;off&#8220; button_two_bg_color__hover_enabled=&#8220;off&#8220;][\/et_pb_contact_field][et_pb_contact_field field_id=&#8220;Fyrirt\u00e6ki&#8220; field_title=&#8220;Fyrirt\u00e6ki&#8220; fullwidth_field=&#8220;on&#8220; _builder_version=&#8220;4.27.4&#8243; form_field_background_color=&#8220;#FFFFFF&#8220; form_field_text_color=&#8220;#174d57&#8243; form_field_focus_background_color=&#8220;#FFFFFF&#8220; form_field_focus_text_color=&#8220;#174d57&#8243; global_colors_info=&#8220;{}&#8220; button_text_size__hover_enabled=&#8220;off&#8220; button_one_text_size__hover_enabled=&#8220;off&#8220; button_two_text_size__hover_enabled=&#8220;off&#8220; button_text_color__hover_enabled=&#8220;off&#8220; button_one_text_color__hover_enabled=&#8220;off&#8220; button_two_text_color__hover_enabled=&#8220;off&#8220; button_border_width__hover_enabled=&#8220;off&#8220; button_one_border_width__hover_enabled=&#8220;off&#8220; button_two_border_width__hover_enabled=&#8220;off&#8220; button_border_color__hover_enabled=&#8220;off&#8220; button_one_border_color__hover_enabled=&#8220;off&#8220; button_two_border_color__hover_enabled=&#8220;off&#8220; button_border_radius__hover_enabled=&#8220;off&#8220; button_one_border_radius__hover_enabled=&#8220;off&#8220; button_two_border_radius__hover_enabled=&#8220;off&#8220; button_letter_spacing__hover_enabled=&#8220;off&#8220; button_one_letter_spacing__hover_enabled=&#8220;off&#8220; button_two_letter_spacing__hover_enabled=&#8220;off&#8220; button_bg_color__hover_enabled=&#8220;off&#8220; button_one_bg_color__hover_enabled=&#8220;off&#8220; button_two_bg_color__hover_enabled=&#8220;off&#8220;][\/et_pb_contact_field][et_pb_contact_field field_id=&#8220;Skilabo\u00f0&#8220; field_title=&#8220;Skilabo\u00f0&#8220; field_type=&#8220;text&#8220; fullwidth_field=&#8220;on&#8220; _builder_version=&#8220;4.27.4&#8243; form_field_background_color=&#8220;#FFFFFF&#8220; form_field_text_color=&#8220;#174d57&#8243; form_field_focus_background_color=&#8220;#FFFFFF&#8220; form_field_focus_text_color=&#8220;#174d57&#8243; custom_margin=&#8220;||60px|&#8220; custom_padding=&#8220;|||&#8220; global_colors_info=&#8220;{}&#8220; button_text_size__hover_enabled=&#8220;off&#8220; button_one_text_size__hover_enabled=&#8220;off&#8220; button_two_text_size__hover_enabled=&#8220;off&#8220; button_text_color__hover_enabled=&#8220;off&#8220; button_one_text_color__hover_enabled=&#8220;off&#8220; button_two_text_color__hover_enabled=&#8220;off&#8220; button_border_width__hover_enabled=&#8220;off&#8220; button_one_border_width__hover_enabled=&#8220;off&#8220; button_two_border_width__hover_enabled=&#8220;off&#8220; button_border_color__hover_enabled=&#8220;off&#8220; button_one_border_color__hover_enabled=&#8220;off&#8220; button_two_border_color__hover_enabled=&#8220;off&#8220; button_border_radius__hover_enabled=&#8220;off&#8220; button_one_border_radius__hover_enabled=&#8220;off&#8220; button_two_border_radius__hover_enabled=&#8220;off&#8220; button_letter_spacing__hover_enabled=&#8220;off&#8220; button_one_letter_spacing__hover_enabled=&#8220;off&#8220; button_two_letter_spacing__hover_enabled=&#8220;off&#8220; button_bg_color__hover_enabled=&#8220;off&#8220; button_one_bg_color__hover_enabled=&#8220;off&#8220; button_two_bg_color__hover_enabled=&#8220;off&#8220;][\/et_pb_contact_field][\/et_pb_contact_form][\/et_pb_column][\/et_pb_row][\/et_pb_section]<\/p>\n","protected":false},"excerpt":{"rendered":"<p>Haf\u00f0u samband! Endilega haf\u00f0u samband vi\u00f0 starfsf\u00f3lk okkar fyrir n\u00e1nari tilbo\u00f0sger\u00f0, hvort sem um er a\u00f0 r\u00e6\u00f0a fundi, r\u00e1\u00f0stefnur e\u00f0a a\u00f0ra vi\u00f0bur\u00f0i. Vinsamlegast haf\u00f0u samband \u00ed forminu h\u00e9r a\u00f0 ne\u00f0an e\u00f0a \u00ed s\u00edma 546 0335. Hl\u00f6kkum til a\u00f0 heyra \u00ed \u00fe\u00e9r.<\/p>","protected":false},"author":1,"featured_media":0,"parent":0,"menu_order":0,"comment_status":"closed","ping_status":"closed","template":"","meta":{"_et_pb_use_builder":"on","_et_pb_old_content":"","_et_gb_content_width":"","footnotes":""},"class_list":["post-217","page","type-page","status-publish","hentry"],"yoast_head":"<!-- This site is optimized with the Yoast SEO plugin v27.4 - https:\/\/yoast.com\/product\/yoast-seo-wordpress\/ -->\n<title>Haf\u00f0u samband - Iceland r\u00e1\u00f0stefnur<\/title>\n<meta name=\"robots\" content=\"index, follow, max-snippet:-1, max-image-preview:large, max-video-preview:-1\" \/>\n<link rel=\"canonical\" href=\"https:\/\/icelandradstefnur.is\/en\/hafdu-samband\/\" \/>\n<meta property=\"og:locale\" content=\"en_GB\" \/>\n<meta property=\"og:type\" content=\"article\" \/>\n<meta property=\"og:title\" content=\"Haf\u00f0u samband - Iceland r\u00e1\u00f0stefnur\" \/>\n<meta property=\"og:description\" content=\"Haf\u00f0u samband! Endilega haf\u00f0u samband vi\u00f0 starfsf\u00f3lk okkar fyrir n\u00e1nari tilbo\u00f0sger\u00f0, hvort sem um er a\u00f0 r\u00e6\u00f0a fundi, r\u00e1\u00f0stefnur e\u00f0a a\u00f0ra vi\u00f0bur\u00f0i. Vinsamlegast haf\u00f0u samband \u00ed forminu h\u00e9r a\u00f0 ne\u00f0an e\u00f0a \u00ed s\u00edma 546 0335. Hl\u00f6kkum til a\u00f0 heyra \u00ed \u00fe\u00e9r.\" \/>\n<meta property=\"og:url\" content=\"https:\/\/icelandradstefnur.is\/en\/hafdu-samband\/\" \/>\n<meta property=\"og:site_name\" content=\"Iceland r\u00e1\u00f0stefnur\" \/>\n<meta property=\"article:modified_time\" content=\"2024-12-27T15:43:21+00:00\" \/>\n<meta name=\"twitter:card\" content=\"summary_large_image\" \/>\n<meta name=\"twitter:label1\" content=\"Estimated reading time\" \/>\n\t<meta name=\"twitter:data1\" content=\"6 minutes\" \/>\n<script type=\"application\/ld+json\" class=\"yoast-schema-graph\">{\"@context\":\"https:\\\/\\\/schema.org\",\"@graph\":[{\"@type\":\"WebPage\",\"@id\":\"https:\\\/\\\/icelandradstefnur.is\\\/hafdu-samband\\\/\",\"url\":\"https:\\\/\\\/icelandradstefnur.is\\\/hafdu-samband\\\/\",\"name\":\"Haf\u00f0u samband - Iceland r\u00e1\u00f0stefnur\",\"isPartOf\":{\"@id\":\"https:\\\/\\\/icelandradstefnur.is\\\/#website\"},\"datePublished\":\"2024-11-25T22:34:41+00:00\",\"dateModified\":\"2024-12-27T15:43:21+00:00\",\"breadcrumb\":{\"@id\":\"https:\\\/\\\/icelandradstefnur.is\\\/hafdu-samband\\\/#breadcrumb\"},\"inLanguage\":\"en-GB\",\"potentialAction\":[{\"@type\":\"ReadAction\",\"target\":[\"https:\\\/\\\/icelandradstefnur.is\\\/hafdu-samband\\\/\"]}]},{\"@type\":\"BreadcrumbList\",\"@id\":\"https:\\\/\\\/icelandradstefnur.is\\\/hafdu-samband\\\/#breadcrumb\",\"itemListElement\":[{\"@type\":\"ListItem\",\"position\":1,\"name\":\"Home\",\"item\":\"https:\\\/\\\/icelandradstefnur.is\\\/\"},{\"@type\":\"ListItem\",\"position\":2,\"name\":\"Haf\u00f0u samband\"}]},{\"@type\":\"WebSite\",\"@id\":\"https:\\\/\\\/icelandradstefnur.is\\\/#website\",\"url\":\"https:\\\/\\\/icelandradstefnur.is\\\/\",\"name\":\"Iceland r\u00e1\u00f0stefnur\",\"description\":\"Iceland radstefnur\",\"potentialAction\":[{\"@type\":\"SearchAction\",\"target\":{\"@type\":\"EntryPoint\",\"urlTemplate\":\"https:\\\/\\\/icelandradstefnur.is\\\/?s={search_term_string}\"},\"query-input\":{\"@type\":\"PropertyValueSpecification\",\"valueRequired\":true,\"valueName\":\"search_term_string\"}}],\"inLanguage\":\"en-GB\"}]}<\/script>\n<!-- \/ Yoast SEO plugin. -->","yoast_head_json":{"title":"Haf\u00f0u samband - Iceland r\u00e1\u00f0stefnur","robots":{"index":"index","follow":"follow","max-snippet":"max-snippet:-1","max-image-preview":"max-image-preview:large","max-video-preview":"max-video-preview:-1"},"canonical":"https:\/\/icelandradstefnur.is\/en\/hafdu-samband\/","og_locale":"en_GB","og_type":"article","og_title":"Haf\u00f0u samband - Iceland r\u00e1\u00f0stefnur","og_description":"Haf\u00f0u samband! Endilega haf\u00f0u samband vi\u00f0 starfsf\u00f3lk okkar fyrir n\u00e1nari tilbo\u00f0sger\u00f0, hvort sem um er a\u00f0 r\u00e6\u00f0a fundi, r\u00e1\u00f0stefnur e\u00f0a a\u00f0ra vi\u00f0bur\u00f0i. Vinsamlegast haf\u00f0u samband \u00ed forminu h\u00e9r a\u00f0 ne\u00f0an e\u00f0a \u00ed s\u00edma 546 0335. Hl\u00f6kkum til a\u00f0 heyra \u00ed \u00fe\u00e9r.","og_url":"https:\/\/icelandradstefnur.is\/en\/hafdu-samband\/","og_site_name":"Iceland r\u00e1\u00f0stefnur","article_modified_time":"2024-12-27T15:43:21+00:00","twitter_card":"summary_large_image","twitter_misc":{"Estimated reading time":"6 minutes"},"schema":{"@context":"https:\/\/schema.org","@graph":[{"@type":"WebPage","@id":"https:\/\/icelandradstefnur.is\/hafdu-samband\/","url":"https:\/\/icelandradstefnur.is\/hafdu-samband\/","name":"Haf\u00f0u samband - Iceland r\u00e1\u00f0stefnur","isPartOf":{"@id":"https:\/\/icelandradstefnur.is\/#website"},"datePublished":"2024-11-25T22:34:41+00:00","dateModified":"2024-12-27T15:43:21+00:00","breadcrumb":{"@id":"https:\/\/icelandradstefnur.is\/hafdu-samband\/#breadcrumb"},"inLanguage":"en-GB","potentialAction":[{"@type":"ReadAction","target":["https:\/\/icelandradstefnur.is\/hafdu-samband\/"]}]},{"@type":"BreadcrumbList","@id":"https:\/\/icelandradstefnur.is\/hafdu-samband\/#breadcrumb","itemListElement":[{"@type":"ListItem","position":1,"name":"Home","item":"https:\/\/icelandradstefnur.is\/"},{"@type":"ListItem","position":2,"name":"Haf\u00f0u samband"}]},{"@type":"WebSite","@id":"https:\/\/icelandradstefnur.is\/#website","url":"https:\/\/icelandradstefnur.is\/","name":"Iceland r\u00e1\u00f0stefnur","description":"Iceland radstefnur","potentialAction":[{"@type":"SearchAction","target":{"@type":"EntryPoint","urlTemplate":"https:\/\/icelandradstefnur.is\/?s={search_term_string}"},"query-input":{"@type":"PropertyValueSpecification","valueRequired":true,"valueName":"search_term_string"}}],"inLanguage":"en-GB"}]}},"_links":{"self":[{"href":"https:\/\/icelandradstefnur.is\/en\/wp-json\/wp\/v2\/pages\/217","targetHints":{"allow":["GET"]}}],"collection":[{"href":"https:\/\/icelandradstefnur.is\/en\/wp-json\/wp\/v2\/pages"}],"about":[{"href":"https:\/\/icelandradstefnur.is\/en\/wp-json\/wp\/v2\/types\/page"}],"author":[{"embeddable":true,"href":"https:\/\/icelandradstefnur.is\/en\/wp-json\/wp\/v2\/users\/1"}],"replies":[{"embeddable":true,"href":"https:\/\/icelandradstefnur.is\/en\/wp-json\/wp\/v2\/comments?post=217"}],"version-history":[{"count":11,"href":"https:\/\/icelandradstefnur.is\/en\/wp-json\/wp\/v2\/pages\/217\/revisions"}],"predecessor-version":[{"id":463,"href":"https:\/\/icelandradstefnur.is\/en\/wp-json\/wp\/v2\/pages\/217\/revisions\/463"}],"wp:attachment":[{"href":"https:\/\/icelandradstefnur.is\/en\/wp-json\/wp\/v2\/media?parent=217"}],"curies":[{"name":"wp","href":"https:\/\/api.w.org\/{rel}","templated":true}]}}