{"id":88,"date":"2024-11-19T16:46:38","date_gmt":"2024-11-19T16:46:38","guid":{"rendered":"https:\/\/icelandradstefnur.is\/?page_id=88"},"modified":"2024-11-25T22:40:21","modified_gmt":"2024-11-25T22:40:21","slug":"iceland-radstefnur","status":"publish","type":"page","link":"https:\/\/icelandradstefnur.is\/en\/iceland-radstefnur\/","title":{"rendered":"Iceland r\u00e1\u00f0stefnur"},"content":{"rendered":"<div id=\"sp-page\" class=\"spBgcontainscroll sp-content-7\" style=\"background-color: rgb(22, 76, 87); font-family: Urbanist, sans-serif; font-weight: 400;\">\n<section id=\"sp-ks8a8s\" data-mobile-visibility=\"#sp-ks8a8s|false\" data-tablet-visibility=\"#sp-ks8a8s|false\" data-desktop-visibility=\"#sp-ks8a8s|false\" data-mobile-css=\"\" data-tablet-css=\"\" class=\"sp-el-section\" style=\"width: 100%; max-width: 100%; padding: 10px;\">\n<div id=\"sp-vw3kvy\" data-mobile-visibility=\"#sp-vw3kvy|false\" data-tablet-visibility=\"#sp-vw3kvy|false\" data-desktop-visibility=\"#sp-vw3kvy|false\" data-mobile-css=\"\" data-tablet-css=\"\" class=\"sp-el-row sp-w-full  sp-m-auto sm:sp-flex sp-justify-between\" style=\"padding: 0px; width: auto; max-width: 1000px;\">\n<div id=\"sp-ovbx1s\" data-mobile-visibility=\"#sp-ovbx1s|false\" data-tablet-visibility=\"#sp-ovbx1s|false\" data-desktop-visibility=\"#sp-ovbx1s|false\" data-mobile-css=\"\" data-tablet-css=\"\" class=\"sp-el-col  sp-w-full\" style=\"width: calc(100% + 0px);\">\n<div id=\"sp-p7ef8k\" data-mobile-css=\".sp-text-wrapper-p7ef8k, #sp-p7ef8k, #p7ef8k|text-align:left;\" data-tablet-css=\".sp-text-wrapper-p7ef8k, #sp-p7ef8k, #p7ef8k|text-align:left;\" data-mobile-visibility=\".sp-text-wrapper-p7ef8k|false\" data-tablet-visibility=\".sp-text-wrapper-p7ef8k|false\" data-desktop-visibility=\".sp-text-wrapper-p7ef8k|false\" class=\"sp-css-target sp-text-wrapper sp-el-block sp-text-wrapper-p7ef8k\" style=\"font-size: 22px; margin: 0px; text-align: center;\"><\/div>\n<figure id=\"sp-fyrcsx\" data-mobile-css=\"#sp-fyrcsx|text-align:center;\" data-tablet-css=\"#sp-fyrcsx|text-align:center;\" class=\"sp-image-wrapper sp-el-block\" style=\"margin: 0px; text-align: center;\">\n<div><span><img loading=\"lazy\" decoding=\"async\" src=\"https:\/\/icelandradstefnur.is\/wp-content\/uploads\/2024\/11\/logo-isl-1.png\" alt=\"\" width=\"704\" height=\"678\" data-dynamic-tag=\"\" data-image-src=\"wpmedia\" data-mobile-visibility=\".sp-image-block-fyrcsx|false\" data-tablet-visibility=\".sp-image-block-fyrcsx|false\" data-desktop-visibility=\".sp-image-block-fyrcsx|false\" srcset=\" https:\/\/icelandradstefnur.is\/wp-content\/uploads\/2024\/11\/logo-isl-1-150x150.png 150w, https:\/\/icelandradstefnur.is\/wp-content\/uploads\/2024\/11\/logo-isl-1-300x289.png 300w, https:\/\/icelandradstefnur.is\/wp-content\/uploads\/2024\/11\/logo-isl-1-12x12.png 12w, https:\/\/icelandradstefnur.is\/wp-content\/uploads\/2024\/11\/logo-isl-1.png 704w\" class=\"sp-image-block-fyrcsx custom-preview-class\" style=\"width: 543px;\"><\/span><\/div>\n<div id=\"sp-image-dynamic-tags-js-fyrcsx\"><script>jQuery(function() { image_dynamic_tags('fyrcsx' );});<\/script><\/div>\n<\/figure>\n<\/div>\n<\/div>\n<\/section>\n<section id=\"sp-m6dmbh\" data-mobile-visibility=\"#sp-m6dmbh|false\" data-tablet-visibility=\"#sp-m6dmbh|false\" data-desktop-visibility=\"#sp-m6dmbh|false\" data-mobile-css=\"\" data-tablet-css=\"\" class=\"sp-el-section\" style=\"width: 100%; max-width: 100%; padding: 10px;\">\n<div id=\"sp-ht5csn\" data-mobile-visibility=\"#sp-ht5csn|false\" data-tablet-visibility=\"#sp-ht5csn|false\" data-desktop-visibility=\"#sp-ht5csn|false\" data-mobile-css=\"\" data-tablet-css=\"\" class=\"sp-el-row sp-w-full  sp-m-auto sm:sp-flex sp-justify-between\" style=\"padding: 0px; width: auto; max-width: 1000px;\">\n<div id=\"sp-xtlvct\" data-mobile-visibility=\"#sp-xtlvct|false\" data-tablet-visibility=\"#sp-xtlvct|false\" data-desktop-visibility=\"#sp-xtlvct|false\" data-mobile-css=\"\" data-tablet-css=\"\" class=\"sp-el-col  sp-w-full\" style=\"width: calc(100% + 0px);\">\n<div id=\"sp-g91s4c\" data-mobile-css=\".sp-text-wrapper-g91s4c, #sp-g91s4c, #g91s4c|text-align:left;\" data-tablet-css=\".sp-text-wrapper-g91s4c, #sp-g91s4c, #g91s4c|text-align:left;\" data-mobile-visibility=\".sp-text-wrapper-g91s4c|false\" data-tablet-visibility=\".sp-text-wrapper-g91s4c|false\" data-desktop-visibility=\".sp-text-wrapper-g91s4c|false\" class=\"sp-css-target sp-text-wrapper sp-el-block sp-text-wrapper-g91s4c\" style=\"font-size: 22px; margin: 0px; text-align: center;\">\n<p>FYLGSTU ME\u00d0 &#8211; N\u00dd VEFS\u00cd\u00d0A \u00c1 LEI\u00d0INNI!<\/p>\n<\/div>\n<div id=\"sp-iqj4za\" data-mobile-css=\".sp-text-wrapper-iqj4za, #sp-iqj4za, #iqj4za|text-align:left;\" data-tablet-css=\".sp-text-wrapper-iqj4za, #sp-iqj4za, #iqj4za|text-align:left;\" data-mobile-visibility=\".sp-text-wrapper-iqj4za|false\" data-tablet-visibility=\".sp-text-wrapper-iqj4za|false\" data-desktop-visibility=\".sp-text-wrapper-iqj4za|false\" class=\"sp-css-target sp-text-wrapper sp-el-block sp-text-wrapper-iqj4za\" style=\"margin: 0px; text-align: center;\">\n<p>Haf\u00f0u endilega samband: <span style=\"color: #e69c5d;\"><a style=\"color: #e69c5d;\" href=\"\/en\/info@icelandradstefnur.is\/\">info@icelandconferences.is<\/a><\/span><\/p>\n<\/div>\n<\/div>\n<\/div>\n<\/section>\n<\/div>","protected":false},"excerpt":{"rendered":"<p>FYLGSTU ME\u00d0 &#8211; N\u00dd VEFS\u00cd\u00d0A \u00c1 LEI\u00d0INNI!Haf\u00f0u endilega samband: info@icelandradstefnur.is<\/p>","protected":false},"author":1,"featured_media":0,"parent":0,"menu_order":0,"comment_status":"closed","ping_status":"closed","template":"","meta":{"_et_pb_use_builder":"on","_et_pb_old_content":"<div id=\"sp-page\" class=\"spBgcontainscroll sp-content-7\" style=\"background-color: rgb(22, 76, 87); background-image: url('https:\/\/icelandradstefnur.is\/wp-content\/uploads\/2024\/10\/logo-lit.png'); font-family: Urbanist, sans-serif; font-weight: 400;\"><section id=\"sp-ks8a8s\" data-mobile-visibility=\"#sp-ks8a8s|false\" data-tablet-visibility=\"#sp-ks8a8s|false\" data-desktop-visibility=\"#sp-ks8a8s|false\" data-mobile-css=\"\" data-tablet-css=\"\" class=\"sp-el-section \" style=\"width: 100%; max-width: 100%; padding: 10px;\" draggable=\"false\"><div id=\"sp-vw3kvy\" data-mobile-visibility=\"#sp-vw3kvy|false\" data-tablet-visibility=\"#sp-vw3kvy|false\" data-desktop-visibility=\"#sp-vw3kvy|false\" data-mobile-css=\"\" data-tablet-css=\"\" class=\"sp-el-row sp-w-full  sp-m-auto sm:sp-flex sp-justify-between\" style=\"padding: 0px; width: auto; max-width: 1000px;\"><div id=\"sp-ovbx1s\" data-mobile-visibility=\"#sp-ovbx1s|false\" data-tablet-visibility=\"#sp-ovbx1s|false\" data-desktop-visibility=\"#sp-ovbx1s|false\" data-mobile-css=\"\" data-tablet-css=\"\" class=\"sp-el-col  sp-w-full\" style=\"width: calc(100% + 0px);\"><div id=\"sp-p7ef8k\" data-mobile-css=\".sp-text-wrapper-p7ef8k, #sp-p7ef8k, #p7ef8k|text-align:left;\" data-tablet-css=\".sp-text-wrapper-p7ef8k, #sp-p7ef8k, #p7ef8k|text-align:left;\" data-mobile-visibility=\".sp-text-wrapper-p7ef8k|false\" data-tablet-visibility=\".sp-text-wrapper-p7ef8k|false\" data-desktop-visibility=\".sp-text-wrapper-p7ef8k|false\" class=\"sp-css-target sp-text-wrapper sp-el-block sp-text-wrapper-p7ef8k\" style=\"font-size: 22px; margin: 0px; text-align: center;\"><p>Styttist \u00ed opnun \u00e1 vefs\u00ed\u00f0u!<\/p><\/div><div id=\"sp-hpscna\" data-mobile-css=\".sp-text-wrapper-hpscna, #sp-hpscna, #hpscna|text-align:left;\" data-tablet-css=\".sp-text-wrapper-hpscna, #sp-hpscna, #hpscna|text-align:left;\" data-mobile-visibility=\".sp-text-wrapper-hpscna|false\" data-tablet-visibility=\".sp-text-wrapper-hpscna|false\" data-desktop-visibility=\".sp-text-wrapper-hpscna|false\" class=\"sp-css-target sp-text-wrapper sp-el-block sp-text-wrapper-hpscna\" style=\"margin: 0px; text-align: center;\"><p>Haf\u00f0u endilega samband: <a href=\"info@icelandradstefnur.is\" draggable=\"false\">info@icelandradstefnur.is<\/a><\/p><\/div><\/div><\/div><\/section><\/div>","_et_gb_content_width":"","footnotes":""},"class_list":["post-88","page","type-page","status-publish","hentry"],"yoast_head":"<!-- This site is optimized with the Yoast SEO plugin v27.4 - https:\/\/yoast.com\/product\/yoast-seo-wordpress\/ -->\n<title>Iceland r\u00e1\u00f0stefnur - Iceland r\u00e1\u00f0stefnur<\/title>\n<meta name=\"robots\" content=\"index, follow, max-snippet:-1, max-image-preview:large, max-video-preview:-1\" \/>\n<link rel=\"canonical\" href=\"https:\/\/icelandradstefnur.is\/en\/iceland-radstefnur\/\" \/>\n<meta property=\"og:locale\" content=\"en_GB\" \/>\n<meta property=\"og:type\" content=\"article\" \/>\n<meta property=\"og:title\" content=\"Iceland r\u00e1\u00f0stefnur - Iceland r\u00e1\u00f0stefnur\" \/>\n<meta property=\"og:description\" content=\"FYLGSTU ME\u00d0 - N\u00dd VEFS\u00cd\u00d0A \u00c1 LEI\u00d0INNI!Haf\u00f0u endilega samband: info@icelandradstefnur.is\" \/>\n<meta property=\"og:url\" content=\"https:\/\/icelandradstefnur.is\/en\/iceland-radstefnur\/\" \/>\n<meta property=\"og:site_name\" content=\"Iceland r\u00e1\u00f0stefnur\" \/>\n<meta property=\"article:modified_time\" content=\"2024-11-25T22:40:21+00:00\" \/>\n<meta property=\"og:image\" content=\"https:\/\/icelandradstefnur.is\/wp-content\/uploads\/2024\/11\/logo-isl-1.png\" \/>\n<meta name=\"twitter:card\" content=\"summary_large_image\" \/>\n<script type=\"application\/ld+json\" class=\"yoast-schema-graph\">{\"@context\":\"https:\\\/\\\/schema.org\",\"@graph\":[{\"@type\":\"WebPage\",\"@id\":\"https:\\\/\\\/icelandradstefnur.is\\\/iceland-radstefnur\\\/\",\"url\":\"https:\\\/\\\/icelandradstefnur.is\\\/iceland-radstefnur\\\/\",\"name\":\"Iceland r\u00e1\u00f0stefnur - Iceland r\u00e1\u00f0stefnur\",\"isPartOf\":{\"@id\":\"https:\\\/\\\/icelandradstefnur.is\\\/#website\"},\"primaryImageOfPage\":{\"@id\":\"https:\\\/\\\/icelandradstefnur.is\\\/iceland-radstefnur\\\/#primaryimage\"},\"image\":{\"@id\":\"https:\\\/\\\/icelandradstefnur.is\\\/iceland-radstefnur\\\/#primaryimage\"},\"thumbnailUrl\":\"https:\\\/\\\/icelandradstefnur.is\\\/wp-content\\\/uploads\\\/2024\\\/11\\\/logo-isl-1.png\",\"datePublished\":\"2024-11-19T16:46:38+00:00\",\"dateModified\":\"2024-11-25T22:40:21+00:00\",\"breadcrumb\":{\"@id\":\"https:\\\/\\\/icelandradstefnur.is\\\/iceland-radstefnur\\\/#breadcrumb\"},\"inLanguage\":\"en-GB\",\"potentialAction\":[{\"@type\":\"ReadAction\",\"target\":[\"https:\\\/\\\/icelandradstefnur.is\\\/iceland-radstefnur\\\/\"]}]},{\"@type\":\"ImageObject\",\"inLanguage\":\"en-GB\",\"@id\":\"https:\\\/\\\/icelandradstefnur.is\\\/iceland-radstefnur\\\/#primaryimage\",\"url\":\"https:\\\/\\\/icelandradstefnur.is\\\/wp-content\\\/uploads\\\/2024\\\/11\\\/logo-isl-1.png\",\"contentUrl\":\"https:\\\/\\\/icelandradstefnur.is\\\/wp-content\\\/uploads\\\/2024\\\/11\\\/logo-isl-1.png\"},{\"@type\":\"BreadcrumbList\",\"@id\":\"https:\\\/\\\/icelandradstefnur.is\\\/iceland-radstefnur\\\/#breadcrumb\",\"itemListElement\":[{\"@type\":\"ListItem\",\"position\":1,\"name\":\"Home\",\"item\":\"https:\\\/\\\/icelandradstefnur.is\\\/\"},{\"@type\":\"ListItem\",\"position\":2,\"name\":\"Iceland r\u00e1\u00f0stefnur\"}]},{\"@type\":\"WebSite\",\"@id\":\"https:\\\/\\\/icelandradstefnur.is\\\/#website\",\"url\":\"https:\\\/\\\/icelandradstefnur.is\\\/\",\"name\":\"Iceland r\u00e1\u00f0stefnur\",\"description\":\"Iceland radstefnur\",\"potentialAction\":[{\"@type\":\"SearchAction\",\"target\":{\"@type\":\"EntryPoint\",\"urlTemplate\":\"https:\\\/\\\/icelandradstefnur.is\\\/?s={search_term_string}\"},\"query-input\":{\"@type\":\"PropertyValueSpecification\",\"valueRequired\":true,\"valueName\":\"search_term_string\"}}],\"inLanguage\":\"en-GB\"}]}<\/script>\n<!-- \/ Yoast SEO plugin. -->","yoast_head_json":{"title":"Iceland r\u00e1\u00f0stefnur - Iceland r\u00e1\u00f0stefnur","robots":{"index":"index","follow":"follow","max-snippet":"max-snippet:-1","max-image-preview":"max-image-preview:large","max-video-preview":"max-video-preview:-1"},"canonical":"https:\/\/icelandradstefnur.is\/en\/iceland-radstefnur\/","og_locale":"en_GB","og_type":"article","og_title":"Iceland r\u00e1\u00f0stefnur - Iceland r\u00e1\u00f0stefnur","og_description":"FYLGSTU ME\u00d0 - N\u00dd VEFS\u00cd\u00d0A \u00c1 LEI\u00d0INNI!Haf\u00f0u endilega samband: info@icelandradstefnur.is","og_url":"https:\/\/icelandradstefnur.is\/en\/iceland-radstefnur\/","og_site_name":"Iceland r\u00e1\u00f0stefnur","article_modified_time":"2024-11-25T22:40:21+00:00","og_image":[{"url":"https:\/\/icelandradstefnur.is\/wp-content\/uploads\/2024\/11\/logo-isl-1.png","type":"","width":"","height":""}],"twitter_card":"summary_large_image","schema":{"@context":"https:\/\/schema.org","@graph":[{"@type":"WebPage","@id":"https:\/\/icelandradstefnur.is\/iceland-radstefnur\/","url":"https:\/\/icelandradstefnur.is\/iceland-radstefnur\/","name":"Iceland r\u00e1\u00f0stefnur - Iceland r\u00e1\u00f0stefnur","isPartOf":{"@id":"https:\/\/icelandradstefnur.is\/#website"},"primaryImageOfPage":{"@id":"https:\/\/icelandradstefnur.is\/iceland-radstefnur\/#primaryimage"},"image":{"@id":"https:\/\/icelandradstefnur.is\/iceland-radstefnur\/#primaryimage"},"thumbnailUrl":"https:\/\/icelandradstefnur.is\/wp-content\/uploads\/2024\/11\/logo-isl-1.png","datePublished":"2024-11-19T16:46:38+00:00","dateModified":"2024-11-25T22:40:21+00:00","breadcrumb":{"@id":"https:\/\/icelandradstefnur.is\/iceland-radstefnur\/#breadcrumb"},"inLanguage":"en-GB","potentialAction":[{"@type":"ReadAction","target":["https:\/\/icelandradstefnur.is\/iceland-radstefnur\/"]}]},{"@type":"ImageObject","inLanguage":"en-GB","@id":"https:\/\/icelandradstefnur.is\/iceland-radstefnur\/#primaryimage","url":"https:\/\/icelandradstefnur.is\/wp-content\/uploads\/2024\/11\/logo-isl-1.png","contentUrl":"https:\/\/icelandradstefnur.is\/wp-content\/uploads\/2024\/11\/logo-isl-1.png"},{"@type":"BreadcrumbList","@id":"https:\/\/icelandradstefnur.is\/iceland-radstefnur\/#breadcrumb","itemListElement":[{"@type":"ListItem","position":1,"name":"Home","item":"https:\/\/icelandradstefnur.is\/"},{"@type":"ListItem","position":2,"name":"Iceland r\u00e1\u00f0stefnur"}]},{"@type":"WebSite","@id":"https:\/\/icelandradstefnur.is\/#website","url":"https:\/\/icelandradstefnur.is\/","name":"Iceland r\u00e1\u00f0stefnur","description":"Iceland radstefnur","potentialAction":[{"@type":"SearchAction","target":{"@type":"EntryPoint","urlTemplate":"https:\/\/icelandradstefnur.is\/?s={search_term_string}"},"query-input":{"@type":"PropertyValueSpecification","valueRequired":true,"valueName":"search_term_string"}}],"inLanguage":"en-GB"}]}},"_links":{"self":[{"href":"https:\/\/icelandradstefnur.is\/en\/wp-json\/wp\/v2\/pages\/88","targetHints":{"allow":["GET"]}}],"collection":[{"href":"https:\/\/icelandradstefnur.is\/en\/wp-json\/wp\/v2\/pages"}],"about":[{"href":"https:\/\/icelandradstefnur.is\/en\/wp-json\/wp\/v2\/types\/page"}],"author":[{"embeddable":true,"href":"https:\/\/icelandradstefnur.is\/en\/wp-json\/wp\/v2\/users\/1"}],"replies":[{"embeddable":true,"href":"https:\/\/icelandradstefnur.is\/en\/wp-json\/wp\/v2\/comments?post=88"}],"version-history":[{"count":25,"href":"https:\/\/icelandradstefnur.is\/en\/wp-json\/wp\/v2\/pages\/88\/revisions"}],"predecessor-version":[{"id":243,"href":"https:\/\/icelandradstefnur.is\/en\/wp-json\/wp\/v2\/pages\/88\/revisions\/243"}],"wp:attachment":[{"href":"https:\/\/icelandradstefnur.is\/en\/wp-json\/wp\/v2\/media?parent=88"}],"curies":[{"name":"wp","href":"https:\/\/api.w.org\/{rel}","templated":true}]}}